{"id":8025,"date":"2024-01-18T06:33:31","date_gmt":"2024-01-18T05:33:31","guid":{"rendered":"https:\/\/festivalbucles.com\/el-festival\/"},"modified":"2025-08-18T16:20:40","modified_gmt":"2025-08-18T14:20:40","slug":"el-festival","status":"publish","type":"page","link":"https:\/\/festivalbucles.com\/vl\/el-festival\/","title":{"rendered":"El festival"},"content":{"rendered":"<p>[et_pb_section fb_built=&#8221;1&#8243; custom_padding_last_edited=&#8221;on|phone&#8221; _builder_version=&#8221;4.27.4&#8243; _module_preset=&#8221;default&#8221; use_background_color_gradient=&#8221;on&#8221; background_color_gradient_stops=&#8221;#e9ffe1 0%|#ffffff 40%&#8221; custom_padding=&#8221;3vw||4vw||false|false&#8221; custom_padding_tablet=&#8221;||8vw||false|false&#8221; custom_padding_phone=&#8221;||12vw||false|false&#8221; global_colors_info=&#8221;{}&#8221;][et_pb_row custom_padding_last_edited=&#8221;on|phone&#8221; _builder_version=&#8221;4.27.4&#8243; _module_preset=&#8221;default&#8221; width_tablet=&#8221;&#8221; width_phone=&#8221;100%&#8221; width_last_edited=&#8221;on|phone&#8221; custom_padding=&#8221;||||false|false&#8221; custom_padding_tablet=&#8221;||0px||false|false&#8221; custom_padding_phone=&#8221;||20px||false|false&#8221; global_colors_info=&#8221;{}&#8221;][et_pb_column type=&#8221;4_4&#8243; _builder_version=&#8221;4.24.2&#8243; _module_preset=&#8221;default&#8221; global_colors_info=&#8221;{}&#8221;][et_pb_image src=&#8221;https:\/\/festivalbucles.com\/wp-content\/uploads\/2025\/08\/LOGO-BUCLES-solo.webp&#8221; alt=&#8221;Logo amb lletres&#8221; title_text=&#8221;Logo amb lletres&#8221; _builder_version=&#8221;4.27.4&#8243; _module_preset=&#8221;default&#8221; global_colors_info=&#8221;{}&#8221;][\/et_pb_image][\/et_pb_column][\/et_pb_row][et_pb_row custom_padding_last_edited=&#8221;on|phone&#8221; _builder_version=&#8221;4.27.4&#8243; _module_preset=&#8221;default&#8221; max_width=&#8221;80%&#8221; custom_padding=&#8221;0px||0px||false|false&#8221; custom_padding_tablet=&#8221;0vw||0px||false|false&#8221; custom_padding_phone=&#8221;0vw||0px||false|false&#8221; global_colors_info=&#8221;{}&#8221;][et_pb_column type=&#8221;4_4&#8243; _builder_version=&#8221;4.24.2&#8243; _module_preset=&#8221;default&#8221; global_colors_info=&#8221;{}&#8221;][et_pb_text _builder_version=&#8221;4.27.4&#8243; _module_preset=&#8221;default&#8221; header_font=&#8221;||||||||&#8221; header_text_align=&#8221;left&#8221; header_text_color=&#8221;RGBA(255,255,255,0)&#8221; header_font_size=&#8221;28px&#8221; header_font_size_tablet=&#8221;24px&#8221; header_font_size_phone=&#8221;20px&#8221; header_font_size_last_edited=&#8221;on|phone&#8221; global_colors_info=&#8221;{}&#8221;]<\/p>\n<h1>El festival<\/h1>\n<p>[\/et_pb_text][\/et_pb_column][\/et_pb_row][et_pb_row column_structure=&#8221;1_4,1_4,1_4,1_4&#8243; disabled_on=&#8221;on|on|off&#8221; _builder_version=&#8221;4.27.4&#8243; _module_preset=&#8221;default&#8221; custom_padding=&#8221;||||false|false&#8221; global_colors_info=&#8221;{}&#8221;][et_pb_column type=&#8221;1_4&#8243; _builder_version=&#8221;4.27.4&#8243; _module_preset=&#8221;default&#8221; global_colors_info=&#8221;{}&#8221;][et_pb_blurb title=&#8221;Equip&#8221; image=&#8221;https:\/\/festivalbucles.com\/wp-content\/uploads\/2025\/06\/botones-pagina-bucles-festival.png&#8221; alt=&#8221;botons p\u00e0gina bucles festival&#8221; _builder_version=&#8221;4.27.4&#8243; _module_preset=&#8221;default&#8221; header_font=&#8221;&#8211;et_global_heading_font|||on|||||&#8221; header_font_size=&#8221;14px&#8221; image_icon_custom_margin=&#8221;||-10px||false|false&#8221; image_icon_custom_padding=&#8221;||||false|false&#8221; text_orientation=&#8221;center&#8221; link_option_url=&#8221;https:\/\/festivalbucles.com\/vl\/equip\/&#8221; hover_enabled=&#8221;0&#8243; global_colors_info=&#8221;{}&#8221; sticky_enabled=&#8221;0&#8243;][\/et_pb_blurb][\/et_pb_column][et_pb_column type=&#8221;1_4&#8243; _builder_version=&#8221;4.27.4&#8243; _module_preset=&#8221;default&#8221; global_colors_info=&#8221;{}&#8221;][et_pb_blurb title=&#8221;Mediaci\u00f3&#8221; image=&#8221;https:\/\/festivalbucles.com\/wp-content\/uploads\/2025\/06\/botones-pagina-bucles-festival.png&#8221; alt=&#8221;botons p\u00e0gina bucles festival&#8221; _builder_version=&#8221;4.27.4&#8243; _module_preset=&#8221;default&#8221; header_font=&#8221;&#8211;et_global_heading_font|||on|||||&#8221; header_font_size=&#8221;14px&#8221; image_icon_custom_margin=&#8221;||-10px||false|false&#8221; image_icon_custom_padding=&#8221;||||false|false&#8221; text_orientation=&#8221;center&#8221; link_option_url=&#8221;https:\/\/festivalbucles.com\/vl\/mediacio\/&#8221; hover_enabled=&#8221;0&#8243; global_colors_info=&#8221;{}&#8221; sticky_enabled=&#8221;0&#8243;][\/et_pb_blurb][\/et_pb_column][et_pb_column type=&#8221;1_4&#8243; _builder_version=&#8221;4.27.4&#8243; _module_preset=&#8221;default&#8221; global_colors_info=&#8221;{}&#8221;][et_pb_blurb title=&#8221;Resid\u00e8ncies Art\u00edstiques&#8221; image=&#8221;https:\/\/festivalbucles.com\/wp-content\/uploads\/2025\/06\/botones-pagina-bucles-festival.png&#8221; alt=&#8221;botons p\u00e0gina bucles festival&#8221; _builder_version=&#8221;4.27.4&#8243; _module_preset=&#8221;default&#8221; header_font=&#8221;&#8211;et_global_heading_font|||on|||||&#8221; header_font_size=&#8221;14px&#8221; image_icon_custom_margin=&#8221;||-10px||false|false&#8221; image_icon_custom_padding=&#8221;||||false|false&#8221; text_orientation=&#8221;center&#8221; link_option_url=&#8221;https:\/\/festivalbucles.com\/vl\/residencies-artistiques\/&#8221; hover_enabled=&#8221;0&#8243; global_colors_info=&#8221;{}&#8221; sticky_enabled=&#8221;0&#8243;][\/et_pb_blurb][\/et_pb_column][et_pb_column type=&#8221;1_4&#8243; _builder_version=&#8221;4.27.4&#8243; _module_preset=&#8221;default&#8221; global_colors_info=&#8221;{}&#8221;][et_pb_blurb title=&#8221;Produccions Bucles&#8221; image=&#8221;https:\/\/festivalbucles.com\/wp-content\/uploads\/2024\/07\/Logo-Bucles-Producciones-web.png&#8221; alt=&#8221;botons p\u00e0gina bucles festival&#8221; image_icon_width=&#8221;52%&#8221; image_icon_width_tablet=&#8221;52%&#8221; image_icon_width_phone=&#8221;52%&#8221; image_icon_width_last_edited=&#8221;on|tablet&#8221; _builder_version=&#8221;4.27.4&#8243; _module_preset=&#8221;default&#8221; header_font=&#8221;&#8211;et_global_heading_font|||on|||||&#8221; header_font_size=&#8221;14px&#8221; image_icon_custom_margin=&#8221;||-16px||false|false&#8221; image_icon_custom_margin_tablet=&#8221;-2vw||-16px||false|false&#8221; image_icon_custom_margin_phone=&#8221;-2vw||-16px||false|false&#8221; image_icon_custom_margin_last_edited=&#8221;on|phone&#8221; image_icon_custom_padding=&#8221;||||false|false&#8221; text_orientation=&#8221;center&#8221; link_option_url=&#8221;https:\/\/festivalbucles.com\/vl\/produccions-bucles\/&#8221; hover_enabled=&#8221;0&#8243; global_colors_info=&#8221;{}&#8221; sticky_enabled=&#8221;0&#8243;][\/et_pb_blurb][\/et_pb_column][\/et_pb_row][et_pb_row custom_padding_last_edited=&#8221;on|phone&#8221; _builder_version=&#8221;4.27.4&#8243; _module_preset=&#8221;default&#8221; custom_padding=&#8221;||||false|false&#8221; custom_padding_tablet=&#8221;0px||||false|false&#8221; custom_padding_phone=&#8221;0px||||false|false&#8221; global_colors_info=&#8221;{}&#8221;][et_pb_column type=&#8221;4_4&#8243; _builder_version=&#8221;4.16&#8243; _module_preset=&#8221;default&#8221; global_colors_info=&#8221;{}&#8221;][et_pb_text _builder_version=&#8221;4.27.4&#8243; _module_preset=&#8221;default&#8221; text_font=&#8221;HK Gothic Regular||||||||&#8221; text_text_color=&#8221;#0031F5&#8243; text_font_size_tablet=&#8221;&#8221; text_font_size_phone=&#8221;16px&#8221; text_font_size_last_edited=&#8221;on|desktop&#8221; global_colors_info=&#8221;{}&#8221;]Des de 2013, el Festival Bucles porta la dansa a espais accessibles i no convencionals, itinerant per barris de Val\u00e8ncia i poblacions pr\u00f2ximes per a transformar la ciutat en un escenari art\u00edstic. Durant el festival, el p\u00fablic gaudix i participa en propostes de dansa en llocs singulars, com a museus, jardins i places, a m\u00e9s de tallers formatius, trobades amb el sector i col\u00b7loquis amb artistes.  <\/p>\n<p>El seu objectiu \u00e9s fer la dansa accessible per a tots, acostant la creaci\u00f3, la formaci\u00f3 i l&#8217;intercanvi d&#8217;idees a p\u00fablics diversos i sense barreres. El festival actua com a plataforma \u00fanica a la Comunitat Valenciana per a promoure companyies i artistes locals i nacionals, emergents i consolidats. <\/p>\n<p>Cada edici\u00f3 \u00e9s un laboratori obert al di\u00e0leg i l&#8217;experimentaci\u00f3 art\u00edstica, amb peces curtes de dansa, tallers, projectes d&#8217;inclusi\u00f3 social, un certamen coreogr\u00e0fic i activitats paral\u00b7leles com a concerts i instal\u00b7lacions, celebrant sempre la diversitat amb un enfocament pr\u00f2xim i desenfadat. <\/p>\n<p>La sostenibilitat ambiental i social i la inclusi\u00f3 s\u00f3n part fonamental del festival, que aposta per entorns naturals i espais vinculats a l&#8217;horta, sota consum energ\u00e8tic, mobilitat sostenible i accessibilitat per a tots. M\u00e9s que un esdeveniment per a contemplar, Bucles convida a la ciutadania a participar activament en la transformaci\u00f3 de la ciutat, promovent un art viu, innovador i comprom\u00e9s. <\/p>\n<p>La seua programaci\u00f3 abasta dansa, arts vives i multidisciplin\u00e0ries, donant suport a propostes arriscades i creadors emergents, per a fomentar una societat m\u00e9s justa, conscient i resilient.[\/et_pb_text][\/et_pb_column][\/et_pb_row][et_pb_row _builder_version=&#8221;4.27.4&#8243; _module_preset=&#8221;default&#8221; custom_padding=&#8221;||||false|false&#8221; global_colors_info=&#8221;{}&#8221;][et_pb_column type=&#8221;4_4&#8243; _builder_version=&#8221;4.16&#8243; _module_preset=&#8221;default&#8221; global_colors_info=&#8221;{}&#8221;][et_pb_text _builder_version=&#8221;4.27.4&#8243; _module_preset=&#8221;default&#8221; text_font=&#8221;HK Gothic Bold|||on|||||&#8221; text_text_color=&#8221;#0031F5&#8243; text_orientation=&#8221;center&#8221; width=&#8221;90%&#8221; width_tablet=&#8221;100%&#8221; width_phone=&#8221;100%&#8221; width_last_edited=&#8221;on|phone&#8221; module_alignment=&#8221;center&#8221; custom_padding_tablet=&#8221;&#8221; custom_padding_phone=&#8221;&#8221; custom_padding_last_edited=&#8221;on|tablet&#8221; text_font_size_tablet=&#8221;&#8221; text_font_size_phone=&#8221;14px&#8221; text_font_size_last_edited=&#8221;on|phone&#8221; global_colors_info=&#8221;{}&#8221; width__hover_enabled=&#8221;on|desktop&#8221; width__hover=&#8221;90%&#8221;]Premi AVETID 2021 al Millor Projecte d&#8217;Innovaci\u00f3 d&#8217;Arts Esc\u00e8niques.<br \/>\nPertany al R\u00e0nquing Nacional &#8216;El Millor de la Cultura 2023&#8217; per la Fundaci\u00f3 Contempor\u00e0nia, Observatori de la Cultura[\/et_pb_text][\/et_pb_column][\/et_pb_row][\/et_pb_section]<\/p>\n","protected":false},"excerpt":{"rendered":"<p>El festivalDes de 2013, el Festival Bucles porta la dansa a espais accessibles i no convencionals, itinerant per barris de Val\u00e8ncia i poblacions pr\u00f2ximes per a transformar la ciutat en un escenari art\u00edstic. Durant el festival, el p\u00fablic gaudix i participa en propostes de dansa en llocs singulars, com a museus, jardins i places, a [&hellip;]<\/p>\n","protected":false},"author":1,"featured_media":8026,"parent":0,"menu_order":2,"comment_status":"closed","ping_status":"closed","template":"","meta":{"_et_pb_use_builder":"on","_et_pb_old_content":"","_et_gb_content_width":"","inline_featured_image":false,"footnotes":""},"class_list":["post-8025","page","type-page","status-publish","has-post-thumbnail","hentry"],"_links":{"self":[{"href":"https:\/\/festivalbucles.com\/vl\/wp-json\/wp\/v2\/pages\/8025","targetHints":{"allow":["GET"]}}],"collection":[{"href":"https:\/\/festivalbucles.com\/vl\/wp-json\/wp\/v2\/pages"}],"about":[{"href":"https:\/\/festivalbucles.com\/vl\/wp-json\/wp\/v2\/types\/page"}],"author":[{"embeddable":true,"href":"https:\/\/festivalbucles.com\/vl\/wp-json\/wp\/v2\/users\/1"}],"replies":[{"embeddable":true,"href":"https:\/\/festivalbucles.com\/vl\/wp-json\/wp\/v2\/comments?post=8025"}],"version-history":[{"count":49,"href":"https:\/\/festivalbucles.com\/vl\/wp-json\/wp\/v2\/pages\/8025\/revisions"}],"predecessor-version":[{"id":16505,"href":"https:\/\/festivalbucles.com\/vl\/wp-json\/wp\/v2\/pages\/8025\/revisions\/16505"}],"wp:featuredmedia":[{"embeddable":true,"href":"https:\/\/festivalbucles.com\/vl\/wp-json\/wp\/v2\/media\/8026"}],"wp:attachment":[{"href":"https:\/\/festivalbucles.com\/vl\/wp-json\/wp\/v2\/media?parent=8025"}],"curies":[{"name":"wp","href":"https:\/\/api.w.org\/{rel}","templated":true}]}}