{"id":12327,"date":"2024-01-18T05:52:57","date_gmt":"2024-01-18T04:52:57","guid":{"rendered":"https:\/\/festivalbucles.com\/politica-de-privacitat\/"},"modified":"2025-08-18T16:21:22","modified_gmt":"2025-08-18T14:21:22","slug":"politica-de-privacitat","status":"publish","type":"page","link":"https:\/\/festivalbucles.com\/vl\/politica-de-privacitat\/","title":{"rendered":"Pol\u00edtica de privacitat"},"content":{"rendered":"\n<h2 class=\"wp-block-heading\">1. INFORMACI\u00d3 A L&#8217;USUARI<\/h2>\n\n<h3 class=\"wp-block-heading\">Qui \u00e9s el responsable del tractament de les teues dades personals?<\/h3>\n\n<p><strong>ASSOCIACI\u00d3 FR\u00c0GILS DANSA<\/strong> \u00e9s el RESPONSABLE del tractament de les dades personals de l&#8217;USUARI i l&#8217;informa que estes dades seran tractades de conformitat amb el que es disposa en el Reglament (UE) 2016\/679, de 27 d&#8217;abril (*GDPR), i la Llei org\u00e0nica 3\/2018, de 5 de desembre (*LOPDGDD).<\/p>\n\n<h3 class=\"wp-block-heading\">Per a qu\u00e8 tractem les teues dades personals?<\/h3>\n\n<p>Per a mantindre una relaci\u00f3 comercial amb l&#8217;usuari. Les operacions previstes per a realitzar el tractament s\u00f3n: <\/p>\n\n<p>Remissi\u00f3 de comunicacions comercials publicit\u00e0ries per e-mail, fax, SMS, *MMS, xarxes socials o qualsevol altre mitj\u00e0 electr\u00f2nic o f\u00edsic, present o futur, que possibilite realitzar comunicacions comercials. Estes comunicacions seran realitzades pel RESPONSABLE i estaran relacionades amb els seus productes i servicis, o dels seus col\u00b7laboradors o prove\u00efdors, amb els quals este haja aconseguit algun acord de promoci\u00f3. En este cas, els tercers mai tindran acc\u00e9s a les dades personals. Realitzar estudis de mercat i an\u00e0lisis estad\u00edstiques.   <\/p>\n\n<p>Tramitar enc\u00e0rrecs, sol\u00b7licituds, donar resposta a les consultes o qualsevol tipus de petici\u00f3 que siga realitzada per l&#8217;USUARI a trav\u00e9s de qualsevol de les formes de contacte que es posen a la seua disposici\u00f3 en la p\u00e0gina web del RESPONSABLE.<br\/>Remetre el butllet\u00ed informatiu en l\u00ednia, sobre novetats, ofertes i promocions en la nostra activitat<strong>.<\/strong><\/p>\n\n<h3 class=\"wp-block-heading\">Per quin motiu podem tractar les teues dades personals?<\/h3>\n\n<p>Perqu\u00e8 el tractament est\u00e0 legitimat per l&#8217;article 6 del *GDPR de la manera seg\u00fcent:<\/p>\n\n<p>Amb el consentiment de l&#8217;USUARI: remissi\u00f3 de comunicacions comercials i del butllet\u00ed informatiu.<br\/>Per inter\u00e9s leg\u00edtim del RESPONSABLE: realitzar estudis de mercat, an\u00e0lisis estad\u00edstiques, etc. i tramitar enc\u00e0rrecs, sol\u00b7licituds, etc. a petici\u00f3 de l&#8217;USUARI.<\/p>\n\n<h3 class=\"wp-block-heading\">Durant quant temps guardarem les teues dades personals?<\/h3>\n\n<p>Es conservaran durant no m\u00e9s temps del necessari per a mantindre la fi del tractament o existisquen prescripcions legals que dictaminen la seua cust\u00f2dia i quan ja no siga necessari per a aix\u00f2, se suprimiran amb mesures de seguretat adequades per a garantir l&#8217;anonimitzaci\u00f3 de les dades o la destrucci\u00f3 total d&#8217;estos.<\/p>\n\n<h3 class=\"wp-block-heading\">A qui facilitem les teues dades personals?<\/h3>\n\n<p>No est\u00e0 prevista cap comunicaci\u00f3 de dades personals a tercers excepte, si fora necessari per al desenrotllament i execuci\u00f3 de les finalitats del tractament, als nostres prove\u00efdors de servicis relacionats amb comunicacions, amb els quals el RESPONSABLE t\u00e9 subscrits els contractes de confidencialitat i d&#8217;encarregat de tractament exigits per la normativa vigent de privacitat.<\/p>\n\n<h3 class=\"wp-block-heading\">Quins s\u00f3n els teus drets?<\/h3>\n\n<p>Els drets que assistixen a l&#8217;USUARI s\u00f3n:<\/p>\n\n<ul class=\"wp-block-list\">\n<li>Dret a retirar el consentiment en qualsevol moment.<\/li>\n\n\n\n<li>Dret d&#8217;acc\u00e9s, rectificaci\u00f3, portabilitat i supressi\u00f3 de les seues dades, i de limitaci\u00f3 o oposici\u00f3 al seu tractament.<\/li>\n\n\n\n<li>Dret a presentar una reclamaci\u00f3 davant l&#8217;autoritat de control (www.aepd.es) si considera que el tractament no s&#8217;ajusta a la normativa vigent.<\/li>\n<\/ul>\n\n<p><strong>Dades de contacte per a exercir els seus drets:<\/strong><\/p>\n\n<p>ASSOCIACI\u00d3 FR\u00c0GILS DANSA. CL.  <\/p>\n\n<p>GRAVADOR ESTEVE 10 PORTA 1 &#8211; 46004 VAL\u00c8NCIA (Val\u00e8ncia). <\/p>\n\n<p>E-mail: info@festivalbucles.com<\/p>\n\n<h2 class=\"wp-block-heading\">2. CAR\u00c0CTER OBLIGATORI O FACULTATIU DE LA INFORMACI\u00d3 FACILITADA PER L&#8217;USUARI<\/h2>\n\n<p>Els USUARIS, mitjan\u00e7ant la marcaci\u00f3 de les caselles corresponents i l&#8217;entrada de dades en els camps, marcats amb un asterisc (*) en el formulari de contacte o presentats en formularis de desc\u00e0rrega, accepten expressament i de manera lliure i inequ\u00edvoca, que les seues dades s\u00f3n necess\u00e0ries per a atendre la seua petici\u00f3, per part del prestador, sent volunt\u00e0ria la inclusi\u00f3 de dades en els camps restants. L&#8217;USUARI garantix que les dades personals facilitades al RESPONSABLE s\u00f3n vera\u00e7os i es fa responsable de comunicar qualsevol modificaci\u00f3 d&#8217;estos. <\/p>\n\n<p>El RESPONSABLE informa que totes les dades sol\u00b7licitades a trav\u00e9s del lloc web s\u00f3n obligatoris, ja que s\u00f3n necessaris per a la prestaci\u00f3 d&#8217;un servici \u00f2ptim a l&#8217;USUARI. En cas que no es faciliten totes les dades, no es garantix que la informaci\u00f3 i servicis facilitats siguen completament ajustats a les seues necessitats. <\/p>\n\n<h2 class=\"wp-block-heading\">3. MESURES DE SEGURETAT<\/h2>\n\n<p>Que de conformitat amb el que es disposa en les normatives vigents en protecci\u00f3 de dades personals, el RESPONSABLE est\u00e0 complint amb totes les disposicions de les normatives GDPR i LOPDGDD per al tractament de les dades personals de la seua responsabilitat, i manifestament amb els principis descrits en l&#8217;article 5 del GDPR, pels quals s\u00f3n tractats de manera l\u00edcita, lleial i transparent en relaci\u00f3 amb l&#8217;interessat i adequats, pertinents i limitats al necessari en relaci\u00f3 amb els fins per als quals s\u00f3n tractats.<\/p>\n\n<p>El RESPONSABLE garantix que ha implementat pol\u00edtiques t\u00e8cniques i organitzatives apropiades per a aplicar les mesures de seguretat que establixen el GDPR i la LOPDGDD amb la finalitat de protegir els drets i llibertats dels USUARIS i els ha comunicat la informaci\u00f3 adequada perqu\u00e8 puguen exercir-los.<\/p>\n\n<p>Per a m\u00e9s informaci\u00f3 sobre les garanties de privacitat, pots dirigir-te al RESPONSABLE a trav\u00e9s d&#8217;ASSOCIACI\u00d3 FR\u00c0GILS DANSA. CL. GRAVADOR ESTEVE 10 PORTA 1 &#8211; 46004 VAL\u00c8NCIA (Val\u00e8ncia). E- mail: info@festivalbucles.com   <\/p>\n\n<div style=\"height:100px\" aria-hidden=\"true\" class=\"wp-block-spacer\"><\/div>\n","protected":false},"excerpt":{"rendered":"<p>1. INFORMACI\u00d3 A L&#8217;USUARI Qui \u00e9s el responsable del tractament de les teues dades personals? ASSOCIACI\u00d3 FR\u00c0GILS DANSA \u00e9s el RESPONSABLE del tractament de les dades personals de l&#8217;USUARI i l&#8217;informa que estes dades seran tractades de conformitat amb el que es disposa en el Reglament (UE) 2016\/679, de 27 d&#8217;abril (*GDPR), i la Llei [&hellip;]<\/p>\n","protected":false},"author":1,"featured_media":0,"parent":0,"menu_order":21,"comment_status":"closed","ping_status":"closed","template":"","meta":{"_et_pb_use_builder":"","_et_pb_old_content":"","_et_gb_content_width":"","inline_featured_image":false,"footnotes":""},"class_list":["post-12327","page","type-page","status-publish","hentry"],"_links":{"self":[{"href":"https:\/\/festivalbucles.com\/vl\/wp-json\/wp\/v2\/pages\/12327","targetHints":{"allow":["GET"]}}],"collection":[{"href":"https:\/\/festivalbucles.com\/vl\/wp-json\/wp\/v2\/pages"}],"about":[{"href":"https:\/\/festivalbucles.com\/vl\/wp-json\/wp\/v2\/types\/page"}],"author":[{"embeddable":true,"href":"https:\/\/festivalbucles.com\/vl\/wp-json\/wp\/v2\/users\/1"}],"replies":[{"embeddable":true,"href":"https:\/\/festivalbucles.com\/vl\/wp-json\/wp\/v2\/comments?post=12327"}],"version-history":[{"count":5,"href":"https:\/\/festivalbucles.com\/vl\/wp-json\/wp\/v2\/pages\/12327\/revisions"}],"predecessor-version":[{"id":15139,"href":"https:\/\/festivalbucles.com\/vl\/wp-json\/wp\/v2\/pages\/12327\/revisions\/15139"}],"wp:attachment":[{"href":"https:\/\/festivalbucles.com\/vl\/wp-json\/wp\/v2\/media?parent=12327"}],"curies":[{"name":"wp","href":"https:\/\/api.w.org\/{rel}","templated":true}]}}