{"id":12309,"date":"2024-07-19T07:47:20","date_gmt":"2024-07-19T05:47:20","guid":{"rendered":"https:\/\/festivalbucles.com\/mediacio\/"},"modified":"2025-08-18T16:22:59","modified_gmt":"2025-08-18T14:22:59","slug":"mediacio","status":"publish","type":"page","link":"https:\/\/festivalbucles.com\/vl\/mediacio\/","title":{"rendered":"Mediaci\u00f3"},"content":{"rendered":"<p>[et_pb_section fb_built=&#8221;1&#8243; custom_padding_last_edited=&#8221;on|tablet&#8221; _builder_version=&#8221;4.27.4&#8243; _module_preset=&#8221;default&#8221; background_enable_color=&#8221;off&#8221; use_background_color_gradient=&#8221;on&#8221; background_color_gradient_stops=&#8221;#e9ffe1 0%|#ffffff 100%&#8221; custom_padding=&#8221;3vw||3vw||true|false&#8221; custom_padding_tablet=&#8221;||||false|false&#8221; custom_padding_phone=&#8221;||||false|false&#8221; locked=&#8221;off&#8221; global_colors_info=&#8221;{}&#8221;][et_pb_row _builder_version=&#8221;4.25.0&#8243; _module_preset=&#8221;default&#8221; max_width=&#8221;80%&#8221; locked=&#8221;off&#8221; global_colors_info=&#8221;{}&#8221;][et_pb_column type=&#8221;4_4&#8243; _builder_version=&#8221;4.24.2&#8243; _module_preset=&#8221;default&#8221; global_colors_info=&#8221;{}&#8221;][et_pb_text _builder_version=&#8221;4.27.4&#8243; _module_preset=&#8221;default&#8221; header_font=&#8221;||||||||&#8221; header_text_color=&#8221;#0031F5&#8243; header_font_size_tablet=&#8221;32px&#8221; header_font_size_phone=&#8221;28px&#8221; header_font_size_last_edited=&#8221;on|phone&#8221; global_colors_info=&#8221;{}&#8221; header_font_size=&#8221;40px&#8221;]<\/p>\n<h1>Mediaci\u00f3<\/h1>\n<p>[\/et_pb_text][\/et_pb_column][\/et_pb_row][et_pb_row column_structure=&#8221;1_2,1_2&#8243; custom_padding_last_edited=&#8221;on|tablet&#8221; _builder_version=&#8221;4.27.4&#8243; _module_preset=&#8221;default&#8221; max_width=&#8221;1400px&#8221; custom_padding=&#8221;||||false|false&#8221; custom_padding_tablet=&#8221;0px||||false|false&#8221; custom_padding_phone=&#8221;||||false|false&#8221; global_colors_info=&#8221;{}&#8221;][et_pb_column type=&#8221;1_2&#8243; admin_label=&#8221;Columna&#8221; _builder_version=&#8221;4.27.0&#8243; _module_preset=&#8221;default&#8221; custom_padding_tablet=&#8221;||||false|false&#8221; custom_padding_phone=&#8221;||||false|false&#8221; custom_padding_last_edited=&#8221;on|phone&#8221; global_colors_info=&#8221;{}&#8221;][et_pb_text _builder_version=&#8221;4.27.4&#8243; _module_preset=&#8221;default&#8221; text_text_color=&#8221;#0031F5&#8243; custom_margin=&#8221;||||false|false&#8221; custom_padding=&#8221;0vw||2vw||false|false&#8221; custom_padding_tablet=&#8221;||||false|false&#8221; custom_padding_phone=&#8221;||||false|false&#8221; custom_padding_last_edited=&#8221;on|phone&#8221; text_font_size_tablet=&#8221;&#8221; text_font_size_phone=&#8221;&#8221; text_font_size_last_edited=&#8221;on|desktop&#8221; inline_fonts=&#8221;Anton-Regular,Hansen-Grotesk&#8221; global_colors_info=&#8221;{}&#8221;]<\/p>\n<p>En el Festival Bucles, la mediaci\u00f3 \u00e9s el cor del projecte: una ferramenta per a acostar la dansa contempor\u00e0nia a p\u00fablics diversos, generant vincles entre artistes, comunitats i territoris. Apostem per una dansa viva i transformadora, que fomenta la participaci\u00f3, el pensament cr\u00edtic i la creaci\u00f3 col\u00b7lectiva, des del comprom\u00eds amb les cures, la diversitat i la sostenibilitat.<\/p>\n<p>Les nostres accions de mediaci\u00f3 inclouen:<\/p>\n<ul>\n<li>Tallers intergeneracionals i escolars, en col\u00b7laboraci\u00f3 amb centres educatius, que introdu\u00efxen la dansa des del joc, el cos i l&#8217;expressi\u00f3 lliure.<\/li>\n<li>Laboratoris comunitaris, que conviden a ve\u00efnes i ve\u00efns dels barris implicats a ser part activa del proc\u00e9s creatiu.<\/li>\n<li>Trobades amb artistes i col\u00b7loquis, on es fomenta el pensament cr\u00edtic i l&#8217;intercanvi d&#8217;experi\u00e8ncies entre professionals, espectadors i agents culturals.<\/li>\n<li>Projectes espec\u00edfics d&#8217;inclusi\u00f3, destinats a col\u00b7lectius en situaci\u00f3 de vulnerabilitat, on la dansa \u00e9s un canal d&#8217;apoderament, visibilitat i benestar.<\/li>\n<li>Accions en espais no convencionals, que generen un di\u00e0leg directe amb l&#8217;entorn urb\u00e0, rural o patrimonial, des del moviment.<\/li>\n<\/ul>\n<p>[\/et_pb_text][et_pb_image src=&#8221;https:\/\/festivalbucles.com\/wp-content\/uploads\/2025\/06\/LOGO-BUCLES-FESTIVAL-25.webp&#8221; alt=&#8221;Logo Bucles 2025&#8243; title_text=&#8221;Logo Bucles 2025&#8243; disabled_on=&#8221;on|on|off&#8221; _builder_version=&#8221;4.27.4&#8243; _module_preset=&#8221;default&#8221; custom_padding=&#8221;||4vw||false|false&#8221; custom_padding_tablet=&#8221;||1vw||false|false&#8221; custom_padding_phone=&#8221;||0vw||false|false&#8221; custom_padding_last_edited=&#8221;on|phone&#8221; locked=&#8221;off&#8221; global_colors_info=&#8221;{}&#8221;][\/et_pb_image][\/et_pb_column][et_pb_column type=&#8221;1_2&#8243; _builder_version=&#8221;4.25.1&#8243; _module_preset=&#8221;default&#8221; global_colors_info=&#8221;{}&#8221;][et_pb_image src=&#8221;https:\/\/festivalbucles.com\/wp-content\/uploads\/2025\/06\/gif-mediacion-grande.gif&#8221; alt=&#8221;gif mediaci\u00f3 gran&#8221; title_text=&#8221;gif mediaci\u00f3 gran&#8221; show_bottom_space=&#8221;off&#8221; align=&#8221;right&#8221; align_tablet=&#8221;center&#8221; align_phone=&#8221;center&#8221; align_last_edited=&#8221;on|phone&#8221; _builder_version=&#8221;4.27.4&#8243; _module_preset=&#8221;default&#8221; transform_scale_tablet=&#8221;&#8221; transform_scale_phone=&#8221;110%|110%&#8221; transform_scale_last_edited=&#8221;on|phone&#8221; width=&#8221;66%&#8221; width_tablet=&#8221;50%&#8221; width_phone=&#8221;60%&#8221; width_last_edited=&#8221;on|phone&#8221; custom_margin=&#8221;-8vw||||false|false&#8221; custom_margin_tablet=&#8221;||||false|false&#8221; custom_margin_phone=&#8221;||||false|false&#8221; custom_margin_last_edited=&#8221;on|phone&#8221; locked=&#8221;off&#8221; global_colors_info=&#8221;{}&#8221;][\/et_pb_image][\/et_pb_column][\/et_pb_row][\/et_pb_section][et_pb_section fb_built=&#8221;1&#8243; custom_padding_last_edited=&#8221;on|phone&#8221; _builder_version=&#8221;4.27.4&#8243; _module_preset=&#8221;default&#8221; custom_padding=&#8221;0px||||false|false&#8221; custom_padding_tablet=&#8221;2vw||||false|false&#8221; custom_padding_phone=&#8221;4vw||||false|false&#8221; global_colors_info=&#8221;{}&#8221;][et_pb_row use_custom_gutter=&#8221;on&#8221; gutter_width=&#8221;2&#8243; _builder_version=&#8221;4.26.0&#8243; _module_preset=&#8221;default&#8221; width=&#8221;90%&#8221; max_width=&#8221;90%&#8221; global_colors_info=&#8221;{}&#8221;][et_pb_column type=&#8221;4_4&#8243; _builder_version=&#8221;4.25.1&#8243; _module_preset=&#8221;default&#8221; global_colors_info=&#8221;{}&#8221;][et_pb_text _builder_version=&#8221;4.27.4&#8243; _module_preset=&#8221;default&#8221; header_2_font_size=&#8221;24px&#8221; custom_padding=&#8221;||2vw|6vw|false|false&#8221; custom_padding_tablet=&#8221;2vw|||0vw|false|false&#8221; custom_padding_phone=&#8221;2vw|||0vw|false|false&#8221; custom_padding_last_edited=&#8221;on|tablet&#8221; header_2_font_size_tablet=&#8221;28px&#8221; header_2_font_size_phone=&#8221;22px&#8221; header_2_font_size_last_edited=&#8221;on|phone&#8221; global_colors_info=&#8221;{}&#8221;]<\/p>\n<h2>Projectes socials<\/h2>\n<p>[\/et_pb_text][et_pb_blog fullwidth=&#8221;off&#8221; posts_number=&#8221;60&#8243; include_categories=&#8221;13&#8243; show_more=&#8221;on&#8221; show_author=&#8221;off&#8221; show_date=&#8221;off&#8221; show_categories=&#8221;off&#8221; show_pagination=&#8221;off&#8221; _builder_version=&#8221;4.27.0&#8243; _module_preset=&#8221;default&#8221; header_level=&#8221;h3&#8243; header_font_size=&#8221;22px&#8221; body_text_color=&#8221;#000000&#8243; body_font_size=&#8221;14px&#8221; meta_font=&#8221;HK Gothic Black|||on|||||&#8221; meta_text_color=&#8221;#000000&#8243; meta_font_size=&#8221;11px&#8221; read_more_font=&#8221;HK Gothic Bold|||on|||||&#8221; read_more_text_color=&#8221;#0031F5&#8243; read_more_font_size=&#8221;12px&#8221; read_more_line_height=&#8221;2.2em&#8221; header_font_size_tablet=&#8221;15px&#8221; header_font_size_phone=&#8221;15px&#8221; header_font_size_last_edited=&#8221;on|phone&#8221; global_colors_info=&#8221;{}&#8221;][\/et_pb_blog][\/et_pb_column][\/et_pb_row][\/et_pb_section]<\/p>\n","protected":false},"excerpt":{"rendered":"<p>Mediaci\u00f3En el Festival Bucles, la mediaci\u00f3 \u00e9s el cor del projecte: una ferramenta per a acostar la dansa contempor\u00e0nia a p\u00fablics diversos, generant vincles entre artistes, comunitats i territoris. Apostem per una dansa viva i transformadora, que fomenta la participaci\u00f3, el pensament cr\u00edtic i la creaci\u00f3 col\u00b7lectiva, des del comprom\u00eds amb les cures, la diversitat [&hellip;]<\/p>\n","protected":false},"author":1,"featured_media":13890,"parent":0,"menu_order":8,"comment_status":"closed","ping_status":"closed","template":"","meta":{"_et_pb_use_builder":"on","_et_pb_old_content":"","_et_gb_content_width":"","inline_featured_image":false,"footnotes":""},"class_list":["post-12309","page","type-page","status-publish","has-post-thumbnail","hentry"],"_links":{"self":[{"href":"https:\/\/festivalbucles.com\/vl\/wp-json\/wp\/v2\/pages\/12309","targetHints":{"allow":["GET"]}}],"collection":[{"href":"https:\/\/festivalbucles.com\/vl\/wp-json\/wp\/v2\/pages"}],"about":[{"href":"https:\/\/festivalbucles.com\/vl\/wp-json\/wp\/v2\/types\/page"}],"author":[{"embeddable":true,"href":"https:\/\/festivalbucles.com\/vl\/wp-json\/wp\/v2\/users\/1"}],"replies":[{"embeddable":true,"href":"https:\/\/festivalbucles.com\/vl\/wp-json\/wp\/v2\/comments?post=12309"}],"version-history":[{"count":9,"href":"https:\/\/festivalbucles.com\/vl\/wp-json\/wp\/v2\/pages\/12309\/revisions"}],"predecessor-version":[{"id":16490,"href":"https:\/\/festivalbucles.com\/vl\/wp-json\/wp\/v2\/pages\/12309\/revisions\/16490"}],"wp:featuredmedia":[{"embeddable":true,"href":"https:\/\/festivalbucles.com\/vl\/wp-json\/wp\/v2\/media\/13890"}],"wp:attachment":[{"href":"https:\/\/festivalbucles.com\/vl\/wp-json\/wp\/v2\/media?parent=12309"}],"curies":[{"name":"wp","href":"https:\/\/api.w.org\/{rel}","templated":true}]}}